{"id":2,"date":"2020-02-03T12:07:32","date_gmt":"2020-02-03T11:07:32","guid":{"rendered":"http:\/\/www.countryandwestern.terslevnet.dk\/?page_id=2"},"modified":"2023-03-08T12:00:06","modified_gmt":"2023-03-08T11:00:06","slug":"om","status":"publish","type":"page","link":"https:\/\/www.countryandwestern.dk\/","title":{"rendered":"Home"},"content":{"rendered":"<h2><a title=\"Webhotel uden begr\u00e6nsninger hos Gigahost\" href=\"https:\/\/gigahost.dk\/e?ref=hansenjorn\"><br \/>\n<img loading=\"lazy\" decoding=\"async\" src=\"https:\/\/banners.gigahost.dk\/da\/468x60_unlimited.gif\" alt=\"Webhotel uden begr\u00e6nsninger hos Gigahost\" width=\"468\" height=\"60\"><br \/>\n<\/a>&nbsp;<\/h2>\n<h2 style=\"margin-left: 40px;\"><strong><span style=\"color: #008000;\">Velkommen:<\/span><\/strong><\/h2>\n<h2 style=\"margin-left: 40px;\"><strong><span style=\"color: #008000;\">Til Country &amp; Western Musik <\/span><\/strong><\/h2>\n<h2 style=\"margin-left: 40px;\"><a href=\"https:\/\/www.countryandwestern.dk\/wp-content\/upload\/2022\/01\/wc.jpg\"><img loading=\"lazy\" decoding=\"async\" class=\"alignnone wp-image-1476\" src=\"https:\/\/www.countryandwestern.dk\/wp-content\/upload\/2022\/01\/wc.jpg\" alt=\"\" width=\"458\" height=\"124\" srcset=\"https:\/\/www.countryandwestern.dk\/wp-content\/upload\/2022\/01\/wc.jpg 598w, https:\/\/www.countryandwestern.dk\/wp-content\/upload\/2022\/01\/wc-300x81.jpg 300w\" sizes=\"auto, (max-width: 458px) 100vw, 458px\" \/><\/a><\/h2>\n<p>&nbsp; &nbsp; &nbsp; &nbsp; &nbsp;<span style=\"font-size: 14pt;\"> <span style=\"color: #ff0000;\"><b><i>Kristihimmelsfarts weekend 18 til 21 maj<\/i><\/b><\/span><\/span><\/p>\n<p style=\"text-align: left;\"><span style=\"font-size: 14pt;\"><span style=\"color: #ff0000;\"><b><i>&nbsp; &nbsp; &nbsp; &nbsp; &nbsp; &nbsp; &nbsp; &nbsp; &nbsp; &nbsp; &nbsp; &nbsp; &nbsp; &nbsp; &nbsp; &nbsp; &nbsp; &nbsp; &nbsp; &nbsp; &nbsp;2023<\/i><\/b><\/span><\/span><\/p>\n<p style=\"text-align: center;\"><span style=\"font-size: 14pt;\"><strong><span style=\"color: #ff0000;\">WesternCamp er \u00e5ben for Camping.<\/span><\/strong><\/span><\/p>\n<h1 style=\"text-align: center;\"><span style=\"color: #a52a2a;\"><strong><span style=\"background-color: #ffff00;\">**BUCKERSFILD (S)**<\/span><\/strong><\/span><\/h1>\n<p><a href=\"https:\/\/www.countryandwestern.dk\/wp-content\/upload\/2013\/03\/buckersfield.jpg\"><img loading=\"lazy\" decoding=\"async\" class=\"size-full wp-image-656 aligncenter\" src=\"https:\/\/www.countryandwestern.dk\/wp-content\/upload\/2013\/03\/buckersfield.jpg\" alt=\"\" width=\"480\" height=\"549\" srcset=\"https:\/\/www.countryandwestern.dk\/wp-content\/upload\/2013\/03\/buckersfield.jpg 480w, https:\/\/www.countryandwestern.dk\/wp-content\/upload\/2013\/03\/buckersfield-262x300.jpg 262w\" sizes=\"auto, (max-width: 480px) 100vw, 480px\" \/><\/a><\/p>\n<p>&nbsp;<\/p>\n<p><span style=\"font-family: arial,helvetica,sans-serif;\"><span style=\"font-size: 18px;\"><strong style=\"font-size: 13px; line-height: 1.6;\">&nbsp; &nbsp; &nbsp; &nbsp; &nbsp; &nbsp; &nbsp; &nbsp; &nbsp; &nbsp; &nbsp; &nbsp; &nbsp; &nbsp; &nbsp; &nbsp; &nbsp; &nbsp; &nbsp; &nbsp; er p\u00e5 Western Camp i C&amp;W weekend 18 maj 2023<\/strong><\/span><\/span><\/p>\n<p style=\"text-align: center;\"><span style=\"font-size: 18pt;\"><strong><span style=\"color: #ff0000;\">**HILLBILY APPROVED Band (DK)**<\/span><\/strong><\/span><\/p>\n<p><a href=\"https:\/\/www.countryandwestern.dk\/wp-content\/upload\/2023\/02\/Hillbilly-Aproved.jpg\"><img loading=\"lazy\" decoding=\"async\" class=\"alignnone size-large wp-image-1567\" src=\"https:\/\/www.countryandwestern.dk\/wp-content\/upload\/2023\/02\/Hillbilly-Aproved-1030x579.jpg\" alt=\"\" width=\"640\" height=\"360\" srcset=\"https:\/\/www.countryandwestern.dk\/wp-content\/upload\/2023\/02\/Hillbilly-Aproved-1030x579.jpg 1030w, https:\/\/www.countryandwestern.dk\/wp-content\/upload\/2023\/02\/Hillbilly-Aproved-300x169.jpg 300w, https:\/\/www.countryandwestern.dk\/wp-content\/upload\/2023\/02\/Hillbilly-Aproved-768x432.jpg 768w, https:\/\/www.countryandwestern.dk\/wp-content\/upload\/2023\/02\/Hillbilly-Aproved-1536x864.jpg 1536w, https:\/\/www.countryandwestern.dk\/wp-content\/upload\/2023\/02\/Hillbilly-Aproved.jpg 1920w\" sizes=\"auto, (max-width: 640px) 100vw, 640px\" \/><\/a><\/p>\n<p style=\"text-align: center;\">vil v\u00e6re p\u00e5 C&amp;W Weekend p\u00e5 Westerncamp&nbsp; 19maj 2023<\/p>\n<p>&nbsp;<\/p>\n<p style=\"text-align: center;\"><span style=\"color: #0000ff; font-size: 18pt;\"><strong><span style=\"background-color: #00ff00;\">*THE BLACK DEVILS<\/span><\/strong><\/span><\/p>\n<p style=\"text-align: center;\"><span style=\"color: #0000ff; font-size: 18pt;\"><strong><span style=\"background-color: #00ff00;\"> (The Original 60&#8217;er orkester)*<\/span><\/strong><\/span><\/p>\n<p><a href=\"https:\/\/www.countryandwestern.dk\/wp-content\/upload\/2020\/02\/The-Black-Devils.jpg\"><img loading=\"lazy\" decoding=\"async\" class=\"alignnone size-large wp-image-1580\" src=\"https:\/\/www.countryandwestern.dk\/wp-content\/upload\/2020\/02\/The-Black-Devils-1030x773.jpg\" alt=\"\" width=\"640\" height=\"480\" srcset=\"https:\/\/www.countryandwestern.dk\/wp-content\/upload\/2020\/02\/The-Black-Devils-1030x773.jpg 1030w, https:\/\/www.countryandwestern.dk\/wp-content\/upload\/2020\/02\/The-Black-Devils-300x225.jpg 300w, https:\/\/www.countryandwestern.dk\/wp-content\/upload\/2020\/02\/The-Black-Devils-768x576.jpg 768w, https:\/\/www.countryandwestern.dk\/wp-content\/upload\/2020\/02\/The-Black-Devils-1536x1152.jpg 1536w, https:\/\/www.countryandwestern.dk\/wp-content\/upload\/2020\/02\/The-Black-Devils.jpg 2048w\" sizes=\"auto, (max-width: 640px) 100vw, 640px\" \/><\/a><\/p>\n<p style=\"text-align: center;\">vil v\u00e6re p\u00e5 C&amp;W Weekend p\u00e5 Westerncamp&nbsp; 20 maj 2023<\/p>\n<p style=\"text-align: center;\"><strong>Husk lige f\u00e5 en corona test inden du tager p\u00e5 westerncamp<\/strong><\/p>\n<p>&nbsp;<\/p>\n<p>Her vil vi bringe nyt og gammelt om country og western musik, arrangementer, biografier og meget andet fra den Verden. Skulle du have noget at bidrage med s\u00e5 lad h\u00f8re.<\/p>\n<p style=\"margin-left: 40px;\">St\u00e5r du og mangler god Country Musik til dit arrangement, eller fest, s\u00e5 kontakt os vi kan nok hj\u00e6lpe dig med formidling til lige det du \u00f8nsker.<\/p>\n<p style=\"margin-left: 40px;\">&nbsp;<\/p>\n<p style=\"margin-left: 40px;\">westernmusic(snabel a)terslevnet.dk<\/p>\n<p>&nbsp;<\/p>\n<p><img loading=\"lazy\" decoding=\"async\" class=\"aligncenter\" style=\"width: 427px; height: 419px;\" src=\"http:\/\/www.countryandwestern.dk\/wp-content\/uploads\/image\/600px-US-GreatSeal-Obverse_svg.png\" alt=\"\" width=\"600\" height=\"600\"><\/p>\n<p>&nbsp;<\/p>\n<p style=\"text-align: center;\">&nbsp;<span style=\"font-size: large;\"><em><strong><span style=\"font-family: Times New Roman;\">&#8212;&#8212;&#8212;&#8212;&#8212;&#8212;&#8212;&#8212;&#8212;&#8212;&#8212;&#8212;&#8212;&#8212;&#8212;&#8212;&#8212;&#8212;&#8212;&#8212;&#8212;&#8212;&#8212;-<\/span><\/strong><\/em><\/span><\/p>\n","protected":false},"excerpt":{"rendered":"<p>&nbsp; Velkommen: Til Country &amp; Western Musik &nbsp; &nbsp; &nbsp; &nbsp; &nbsp; Kristihimmelsfarts weekend 18 til 21 maj &nbsp; &nbsp; &nbsp; &nbsp; &nbsp; &nbsp; &nbsp; &nbsp; &nbsp; &nbsp; &nbsp; &nbsp; &nbsp; &nbsp; &nbsp; &nbsp; &nbsp; &nbsp; &nbsp; &nbsp; &nbsp;2023 WesternCamp &hellip; <a href=\"https:\/\/www.countryandwestern.dk\/\">Continue reading <span class=\"meta-nav\">&rarr;<\/span><\/a><\/p>\n","protected":false},"author":1,"featured_media":0,"parent":0,"menu_order":1,"comment_status":"open","ping_status":"open","template":"","meta":{"ngg_post_thumbnail":0,"footnotes":"","_links_to":"","_links_to_target":""},"class_list":["post-2","page","type-page","status-publish","hentry"],"yoast_head":"<!-- This site is optimized with the Yoast SEO plugin v26.3 - https:\/\/yoast.com\/wordpress\/plugins\/seo\/ -->\n<title>Home - Country and Western<\/title>\n<meta name=\"robots\" content=\"index, follow, max-snippet:-1, max-image-preview:large, max-video-preview:-1\" \/>\n<link rel=\"canonical\" href=\"https:\/\/www.countryandwestern.dk\/\" \/>\n<meta property=\"og:locale\" content=\"da_DK\" \/>\n<meta property=\"og:type\" content=\"article\" \/>\n<meta property=\"og:title\" content=\"Home - Country and Western\" \/>\n<meta property=\"og:description\" content=\"&nbsp; Velkommen: Til Country &amp; Western Musik &nbsp; &nbsp; &nbsp; &nbsp; &nbsp; Kristihimmelsfarts weekend 18 til 21 maj &nbsp; &nbsp; &nbsp; &nbsp; &nbsp; &nbsp; &nbsp; &nbsp; &nbsp; &nbsp; &nbsp; &nbsp; &nbsp; &nbsp; &nbsp; &nbsp; &nbsp; &nbsp; &nbsp; &nbsp; &nbsp;2023 WesternCamp &hellip; Continue reading &rarr;\" \/>\n<meta property=\"og:url\" content=\"https:\/\/www.countryandwestern.dk\/\" \/>\n<meta property=\"og:site_name\" content=\"Country and Western\" \/>\n<meta property=\"article:publisher\" content=\"https:\/\/www.facebook.com\/profile.php?id=100008142425446\" \/>\n<meta property=\"article:modified_time\" content=\"2023-03-08T11:00:06+00:00\" \/>\n<meta property=\"og:image\" content=\"https:\/\/banners.gigahost.dk\/da\/468x60_unlimited.gif\" \/>\n<meta name=\"twitter:card\" content=\"summary_large_image\" \/>\n<meta name=\"twitter:label1\" content=\"Estimeret l\u00e6setid\" \/>\n\t<meta name=\"twitter:data1\" content=\"3 minutter\" \/>\n<script type=\"application\/ld+json\" class=\"yoast-schema-graph\">{\"@context\":\"https:\/\/schema.org\",\"@graph\":[{\"@type\":\"WebPage\",\"@id\":\"https:\/\/www.countryandwestern.dk\/\",\"url\":\"https:\/\/www.countryandwestern.dk\/\",\"name\":\"Home - Country and Western\",\"isPartOf\":{\"@id\":\"https:\/\/www.countryandwestern.dk\/#website\"},\"primaryImageOfPage\":{\"@id\":\"https:\/\/www.countryandwestern.dk\/#primaryimage\"},\"image\":{\"@id\":\"https:\/\/www.countryandwestern.dk\/#primaryimage\"},\"thumbnailUrl\":\"https:\/\/banners.gigahost.dk\/da\/468x60_unlimited.gif\",\"datePublished\":\"2020-02-03T11:07:32+00:00\",\"dateModified\":\"2023-03-08T11:00:06+00:00\",\"breadcrumb\":{\"@id\":\"https:\/\/www.countryandwestern.dk\/#breadcrumb\"},\"inLanguage\":\"da-DK\",\"potentialAction\":[{\"@type\":\"ReadAction\",\"target\":[\"https:\/\/www.countryandwestern.dk\/\"]}]},{\"@type\":\"ImageObject\",\"inLanguage\":\"da-DK\",\"@id\":\"https:\/\/www.countryandwestern.dk\/#primaryimage\",\"url\":\"https:\/\/banners.gigahost.dk\/da\/468x60_unlimited.gif\",\"contentUrl\":\"https:\/\/banners.gigahost.dk\/da\/468x60_unlimited.gif\"},{\"@type\":\"BreadcrumbList\",\"@id\":\"https:\/\/www.countryandwestern.dk\/#breadcrumb\",\"itemListElement\":[{\"@type\":\"ListItem\",\"position\":1,\"name\":\"Hjem\",\"item\":\"https:\/\/www.countryandwestern.dk\/\"},{\"@type\":\"ListItem\",\"position\":2,\"name\":\"Home\"}]},{\"@type\":\"WebSite\",\"@id\":\"https:\/\/www.countryandwestern.dk\/#website\",\"url\":\"https:\/\/www.countryandwestern.dk\/\",\"name\":\"Country and Western\",\"description\":\"The Country Music Site\",\"potentialAction\":[{\"@type\":\"SearchAction\",\"target\":{\"@type\":\"EntryPoint\",\"urlTemplate\":\"https:\/\/www.countryandwestern.dk\/?s={search_term_string}\"},\"query-input\":{\"@type\":\"PropertyValueSpecification\",\"valueRequired\":true,\"valueName\":\"search_term_string\"}}],\"inLanguage\":\"da-DK\"}]}<\/script>\n<!-- \/ Yoast SEO plugin. -->","yoast_head_json":{"title":"Home - Country and Western","robots":{"index":"index","follow":"follow","max-snippet":"max-snippet:-1","max-image-preview":"max-image-preview:large","max-video-preview":"max-video-preview:-1"},"canonical":"https:\/\/www.countryandwestern.dk\/","og_locale":"da_DK","og_type":"article","og_title":"Home - Country and Western","og_description":"&nbsp; Velkommen: Til Country &amp; Western Musik &nbsp; &nbsp; &nbsp; &nbsp; &nbsp; Kristihimmelsfarts weekend 18 til 21 maj &nbsp; &nbsp; &nbsp; &nbsp; &nbsp; &nbsp; &nbsp; &nbsp; &nbsp; &nbsp; &nbsp; &nbsp; &nbsp; &nbsp; &nbsp; &nbsp; &nbsp; &nbsp; &nbsp; &nbsp; &nbsp;2023 WesternCamp &hellip; Continue reading &rarr;","og_url":"https:\/\/www.countryandwestern.dk\/","og_site_name":"Country and Western","article_publisher":"https:\/\/www.facebook.com\/profile.php?id=100008142425446","article_modified_time":"2023-03-08T11:00:06+00:00","og_image":[{"url":"https:\/\/banners.gigahost.dk\/da\/468x60_unlimited.gif","type":"","width":"","height":""}],"twitter_card":"summary_large_image","twitter_misc":{"Estimeret l\u00e6setid":"3 minutter"},"schema":{"@context":"https:\/\/schema.org","@graph":[{"@type":"WebPage","@id":"https:\/\/www.countryandwestern.dk\/","url":"https:\/\/www.countryandwestern.dk\/","name":"Home - Country and Western","isPartOf":{"@id":"https:\/\/www.countryandwestern.dk\/#website"},"primaryImageOfPage":{"@id":"https:\/\/www.countryandwestern.dk\/#primaryimage"},"image":{"@id":"https:\/\/www.countryandwestern.dk\/#primaryimage"},"thumbnailUrl":"https:\/\/banners.gigahost.dk\/da\/468x60_unlimited.gif","datePublished":"2020-02-03T11:07:32+00:00","dateModified":"2023-03-08T11:00:06+00:00","breadcrumb":{"@id":"https:\/\/www.countryandwestern.dk\/#breadcrumb"},"inLanguage":"da-DK","potentialAction":[{"@type":"ReadAction","target":["https:\/\/www.countryandwestern.dk\/"]}]},{"@type":"ImageObject","inLanguage":"da-DK","@id":"https:\/\/www.countryandwestern.dk\/#primaryimage","url":"https:\/\/banners.gigahost.dk\/da\/468x60_unlimited.gif","contentUrl":"https:\/\/banners.gigahost.dk\/da\/468x60_unlimited.gif"},{"@type":"BreadcrumbList","@id":"https:\/\/www.countryandwestern.dk\/#breadcrumb","itemListElement":[{"@type":"ListItem","position":1,"name":"Hjem","item":"https:\/\/www.countryandwestern.dk\/"},{"@type":"ListItem","position":2,"name":"Home"}]},{"@type":"WebSite","@id":"https:\/\/www.countryandwestern.dk\/#website","url":"https:\/\/www.countryandwestern.dk\/","name":"Country and Western","description":"The Country Music Site","potentialAction":[{"@type":"SearchAction","target":{"@type":"EntryPoint","urlTemplate":"https:\/\/www.countryandwestern.dk\/?s={search_term_string}"},"query-input":{"@type":"PropertyValueSpecification","valueRequired":true,"valueName":"search_term_string"}}],"inLanguage":"da-DK"}]}},"_links":{"self":[{"href":"https:\/\/www.countryandwestern.dk\/index.php?rest_route=\/wp\/v2\/pages\/2","targetHints":{"allow":["GET"]}}],"collection":[{"href":"https:\/\/www.countryandwestern.dk\/index.php?rest_route=\/wp\/v2\/pages"}],"about":[{"href":"https:\/\/www.countryandwestern.dk\/index.php?rest_route=\/wp\/v2\/types\/page"}],"author":[{"embeddable":true,"href":"https:\/\/www.countryandwestern.dk\/index.php?rest_route=\/wp\/v2\/users\/1"}],"replies":[{"embeddable":true,"href":"https:\/\/www.countryandwestern.dk\/index.php?rest_route=%2Fwp%2Fv2%2Fcomments&post=2"}],"version-history":[{"count":191,"href":"https:\/\/www.countryandwestern.dk\/index.php?rest_route=\/wp\/v2\/pages\/2\/revisions"}],"predecessor-version":[{"id":1583,"href":"https:\/\/www.countryandwestern.dk\/index.php?rest_route=\/wp\/v2\/pages\/2\/revisions\/1583"}],"wp:attachment":[{"href":"https:\/\/www.countryandwestern.dk\/index.php?rest_route=%2Fwp%2Fv2%2Fmedia&parent=2"}],"curies":[{"name":"wp","href":"https:\/\/api.w.org\/{rel}","templated":true}]}}